{"id":6143,"date":"2024-02-28T15:43:58","date_gmt":"2024-02-28T15:43:58","guid":{"rendered":"https:\/\/ciapat.org\/?post_type=product&#038;p=6143"},"modified":"2024-05-03T13:51:03","modified_gmt":"2024-05-03T13:51:03","slug":"sabana-sensorial","status":"publish","type":"product","link":"https:\/\/ciapat.org\/index.php\/producto\/sabana-sensorial\/","title":{"rendered":"S\u00e1bana sensorial"},"content":{"rendered":"<p>CARACTER\u00cdSTICAS<\/p>\n<p>&nbsp;<\/p>\n<ul>\n<li>Funda suave y el\u00e1stica de lycra, lavable. Para colocar en el colch\u00f3n y meterse debajo al momento de dormir!<\/li>\n<li>Color azul Francia.<\/li>\n<li>Medida para colch\u00f3n de una plaza.<\/li>\n<\/ul>\n","protected":false},"excerpt":{"rendered":"<p>La s\u00e1bana de compresi\u00f3n suave es una maravillosa herramienta que permite brindar un abrazo relajante a los ni\u00f1os que buscan una presi\u00f3n adicional para conciliar el sue\u00f1o, dormir en calma y pasar una noche de sue\u00f1o relajante.<\/p>\n<p>Es una alternativa a las mantas con peso, ya que ofrece una profunda presi\u00f3n t\u00e1ctil y una entrada propioceptiva para el ni\u00f1o, posibilitando otra experiencia sensorial durante la noche.<\/p>\n<p>Al igual que con cualquier producto de la l\u00ednea sensorial, siempre debe consultar con el terapeuta ocupacional antes de su uso.<\/p>\n<p>&nbsp;<\/p>\n<p>&nbsp;<\/p>\n","protected":false},"featured_media":6152,"template":"","meta":[],"product_brand":[],"product_cat":[861,50,865],"product_tag":[869,647,786,868],"class_list":{"0":"post-6143","1":"product","2":"type-product","3":"status-publish","4":"has-post-thumbnail","6":"product_cat-cama","7":"product_cat-dormitorio","8":"product_cat-productos-sensoriales","9":"product_tag-actividad-de-la-vida-diaria","10":"product_tag-dormitorio","11":"product_tag-producto-de-apoyo-para-la-cama","12":"product_tag-producto-sensorial","13":"pa_clase-18-mobiliario-y-adaptaciones-para-viviendas-y-otros-inmuebles","14":"pa_sub-clase-12-camas","16":"first","17":"instock","18":"shipping-taxable","19":"product-type-simple"},"_links":{"self":[{"href":"https:\/\/ciapat.org\/index.php\/wp-json\/wp\/v2\/product\/6143","targetHints":{"allow":["GET"]}}],"collection":[{"href":"https:\/\/ciapat.org\/index.php\/wp-json\/wp\/v2\/product"}],"about":[{"href":"https:\/\/ciapat.org\/index.php\/wp-json\/wp\/v2\/types\/product"}],"wp:featuredmedia":[{"embeddable":true,"href":"https:\/\/ciapat.org\/index.php\/wp-json\/wp\/v2\/media\/6152"}],"wp:attachment":[{"href":"https:\/\/ciapat.org\/index.php\/wp-json\/wp\/v2\/media?parent=6143"}],"wp:term":[{"taxonomy":"product_brand","embeddable":true,"href":"https:\/\/ciapat.org\/index.php\/wp-json\/wp\/v2\/product_brand?post=6143"},{"taxonomy":"product_cat","embeddable":true,"href":"https:\/\/ciapat.org\/index.php\/wp-json\/wp\/v2\/product_cat?post=6143"},{"taxonomy":"product_tag","embeddable":true,"href":"https:\/\/ciapat.org\/index.php\/wp-json\/wp\/v2\/product_tag?post=6143"}],"curies":[{"name":"wp","href":"https:\/\/api.w.org\/{rel}","templated":true}]}}