{"id":6141,"date":"2024-02-28T14:55:22","date_gmt":"2024-02-28T14:55:22","guid":{"rendered":"https:\/\/ciapat.org\/?post_type=product&#038;p=6141"},"modified":"2024-04-19T14:37:22","modified_gmt":"2024-04-19T14:37:22","slug":"viborita-multifuncion","status":"publish","type":"product","link":"https:\/\/ciapat.org\/index.php\/producto\/viborita-multifuncion\/","title":{"rendered":"Viborita multifunci\u00f3n"},"content":{"rendered":"<p>CARACTER\u00cdSTICAS<\/p>\n<p><strong>Descripci\u00f3n:<\/strong>\u00a0la funda es de tela muy suave de color azul con abrojo para su f\u00e1cil lavado.\u00a0Cuenta en sus extremos con flecos multicolores y multi texturados (desmontables), que brindan una atractiva exploraci\u00f3n sensorial y diversi\u00f3n. Disponible en\u00a0<em>dos tama\u00f1os<\/em>\u00a0(seg\u00fan edad y peso del ni\u00f1o):\u00a0<em>chico<\/em>\u00a01.10 m para ni\u00f1os hasta 20 kg y\u00a0<em>grande<\/em>\u00a0de 1.50 m para ni\u00f1os hasta 45 kg.<\/p>\n","protected":false},"excerpt":{"rendered":"<p>Adaptaci\u00f3n blanda que aporta una experiencia propioceptiva, favoreciendo en el ni\u00f1o una postura m\u00e1s alineada, control de tronco y la abducci\u00f3n de miembros inferiores en casos de diston\u00eda o aumento de tono muscular permiti\u00e9ndole mejorar la posici\u00f3n sedente. As\u00ed tambi\u00e9n disminuye niveles de actividad, es recomendable para\u00a0el uso mientras realiza tareas y\/o actividades de larga duraci\u00f3n.<\/p>\n<p>&nbsp;<\/p>\n<p><strong>Vuelos crecer con autonom\u00eda<\/strong><\/p>\n<p><strong>Web<\/strong>: https:\/\/vuelo.empretienda.com.ar\/<\/p>\n<p><strong>IG:<\/strong> https:\/\/www.instagram.com\/vuelocrecerconautonomia\/<\/p>\n","protected":false},"featured_media":6150,"template":"","meta":[],"product_brand":[],"product_cat":[865,79],"product_tag":[703,868],"class_list":{"0":"post-6141","1":"product","2":"type-product","3":"status-publish","4":"has-post-thumbnail","6":"product_cat-productos-sensoriales","7":"product_cat-recreacion","8":"product_tag-producto-de-apoyo-para-la-recreacion","9":"product_tag-producto-sensorial","10":"pa_clase-30-productos-de-apoyo-para-el-esparcimiento","11":"pa_sub-clase-03-productos-de-apoyo-para-el-juego","13":"first","14":"instock","15":"shipping-taxable","16":"product-type-simple"},"_links":{"self":[{"href":"https:\/\/ciapat.org\/index.php\/wp-json\/wp\/v2\/product\/6141","targetHints":{"allow":["GET"]}}],"collection":[{"href":"https:\/\/ciapat.org\/index.php\/wp-json\/wp\/v2\/product"}],"about":[{"href":"https:\/\/ciapat.org\/index.php\/wp-json\/wp\/v2\/types\/product"}],"wp:featuredmedia":[{"embeddable":true,"href":"https:\/\/ciapat.org\/index.php\/wp-json\/wp\/v2\/media\/6150"}],"wp:attachment":[{"href":"https:\/\/ciapat.org\/index.php\/wp-json\/wp\/v2\/media?parent=6141"}],"wp:term":[{"taxonomy":"product_brand","embeddable":true,"href":"https:\/\/ciapat.org\/index.php\/wp-json\/wp\/v2\/product_brand?post=6141"},{"taxonomy":"product_cat","embeddable":true,"href":"https:\/\/ciapat.org\/index.php\/wp-json\/wp\/v2\/product_cat?post=6141"},{"taxonomy":"product_tag","embeddable":true,"href":"https:\/\/ciapat.org\/index.php\/wp-json\/wp\/v2\/product_tag?post=6141"}],"curies":[{"name":"wp","href":"https:\/\/api.w.org\/{rel}","templated":true}]}}