{"id":6140,"date":"2024-02-28T14:49:47","date_gmt":"2024-02-28T14:49:47","guid":{"rendered":"https:\/\/ciapat.org\/?post_type=product&#038;p=6140"},"modified":"2024-04-19T14:38:20","modified_gmt":"2024-04-19T14:38:20","slug":"calendario-imantado","status":"publish","type":"product","link":"https:\/\/ciapat.org\/index.php\/producto\/calendario-imantado\/","title":{"rendered":"Calendario imantado"},"content":{"rendered":"<p>CARACTER\u00cdSTICAS<\/p>\n<p>&nbsp;<\/p>\n<ul>\n<li>Dise\u00f1ado con diferentes colores (en altos contrastes).<\/li>\n<li>Cuenta con los d\u00edas de la semana, meses, estaciones.<\/li>\n<li>Set de todos los n\u00fameros para armar el a\u00f1o.<\/li>\n<li>Cuenta con el abecedario para formar palabras.<\/li>\n<\/ul>\n","protected":false},"excerpt":{"rendered":"<p>Dise\u00f1ado con diferentes colores (en altos contrastes), cuenta con los d\u00edas de la semana, meses, estaciones, set de todos los n\u00fameros para armar el a\u00f1o, y el abecedario para formar palabras. Resulta \u00fatil y pr\u00e1ctico para que el ni\u00f1o visualice su d\u00eda y aprenda jugando.<\/p>\n<p>\u00bfCu\u00e1l es la importancia de su uso?<\/p>\n<ul>\n<li>Favorece la comunicaci\u00f3n y la utilizaci\u00f3n de un mayor vocabulario.<\/li>\n<li>Organiza y planifica la actividad del d\u00eda.<\/li>\n<li>Provee apoyo emocional: anticipar, control y seguridad.<\/li>\n<li>Desarrolla conceptos de tiempos: pasado, presente y futuro.<\/li>\n<li>Incentiva el aprendizaje de la lectura y escritura.<\/li>\n<li>y mucho m\u00e1s!<\/li>\n<\/ul>\n<p>&nbsp;<\/p>\n<p><strong>Vuelos crecer con autonom\u00eda<\/strong><\/p>\n<p><strong>Web<\/strong>: https:\/\/vuelo.empretienda.com.ar\/<\/p>\n<p><strong>IG:<\/strong> https:\/\/www.instagram.com\/vuelocrecerconautonomia\/<\/p>\n","protected":false},"featured_media":6149,"template":"","meta":[],"product_brand":[],"product_cat":[93,79],"product_tag":[869,639,677,703],"class_list":{"0":"post-6140","1":"product","2":"type-product","3":"status-publish","4":"has-post-thumbnail","6":"product_cat-comunicacion","7":"product_cat-recreacion","8":"product_tag-actividad-de-la-vida-diaria","9":"product_tag-comunicacion","10":"product_tag-producto-de-apoyo-para-la-comunicacion","11":"product_tag-producto-de-apoyo-para-la-recreacion","12":"pa_clase-22-productos-de-apoyo-para-la-comunicacion-y-la-informacion","13":"pa_sub-clase-21-productos-de-apoyo-para-comunicacion-cara-a-cara","15":"first","16":"instock","17":"shipping-taxable","18":"product-type-simple"},"_links":{"self":[{"href":"https:\/\/ciapat.org\/index.php\/wp-json\/wp\/v2\/product\/6140","targetHints":{"allow":["GET"]}}],"collection":[{"href":"https:\/\/ciapat.org\/index.php\/wp-json\/wp\/v2\/product"}],"about":[{"href":"https:\/\/ciapat.org\/index.php\/wp-json\/wp\/v2\/types\/product"}],"wp:featuredmedia":[{"embeddable":true,"href":"https:\/\/ciapat.org\/index.php\/wp-json\/wp\/v2\/media\/6149"}],"wp:attachment":[{"href":"https:\/\/ciapat.org\/index.php\/wp-json\/wp\/v2\/media?parent=6140"}],"wp:term":[{"taxonomy":"product_brand","embeddable":true,"href":"https:\/\/ciapat.org\/index.php\/wp-json\/wp\/v2\/product_brand?post=6140"},{"taxonomy":"product_cat","embeddable":true,"href":"https:\/\/ciapat.org\/index.php\/wp-json\/wp\/v2\/product_cat?post=6140"},{"taxonomy":"product_tag","embeddable":true,"href":"https:\/\/ciapat.org\/index.php\/wp-json\/wp\/v2\/product_tag?post=6140"}],"curies":[{"name":"wp","href":"https:\/\/api.w.org\/{rel}","templated":true}]}}