{"id":6139,"date":"2024-02-28T14:39:21","date_gmt":"2024-02-28T14:39:21","guid":{"rendered":"https:\/\/ciapat.org\/?post_type=product&#038;p=6139"},"modified":"2024-04-19T14:39:13","modified_gmt":"2024-04-19T14:39:13","slug":"nido-sensorial","status":"publish","type":"product","link":"https:\/\/ciapat.org\/index.php\/producto\/nido-sensorial\/","title":{"rendered":"Nido sensorial"},"content":{"rendered":"<p>CARACTER\u00cdSTICAS<\/p>\n<ul>\n<li>Dise\u00f1ado en tela de lycra el\u00e1stica y suave de alta calidad.<\/li>\n<li>Colores: roja y azul<\/li>\n<li>Tama\u00f1o: chico y grande<\/li>\n<\/ul>\n","protected":false},"excerpt":{"rendered":"<p>Es una bolsa sensorial que cubre el cuerpo completo del ni\u00f1o: brazos, tronco y piernas. Estimula la propiocepci\u00f3n activa y resistencia (cuando se mueve); tambi\u00e9n el tacto generalizado, al proporcionarle una sensaci\u00f3n t\u00e1ctil uniforme en todo el cuerpo.<\/p>\n<p>Principales beneficios:<\/p>\n<ul>\n<li>Herramienta divertida que genera un espacio protector e imaginativo.<\/li>\n<li>Promueve la auto-expresi\u00f3n y diferentes desaf\u00edos espaciales.<\/li>\n<li>Estimula una mayor conciencia corporal, equilibrio din\u00e1mico y habilidades motoras a trav\u00e9s del movimiento.<\/li>\n<li>Habilita la calma, concentraci\u00f3n y relajaci\u00f3n.<\/li>\n<li>Excelente efecto terap\u00e9utico que acompa\u00f1a el tratamiento de integraci\u00f3n sensorial.<\/li>\n<\/ul>\n","protected":false},"featured_media":6148,"template":"","meta":[],"product_brand":[],"product_cat":[50,865,79],"product_tag":[647,765,703,868],"class_list":{"0":"post-6139","1":"product","2":"type-product","3":"status-publish","4":"has-post-thumbnail","6":"product_cat-dormitorio","7":"product_cat-productos-sensoriales","8":"product_cat-recreacion","9":"product_tag-dormitorio","10":"product_tag-integracion-sensorial","11":"product_tag-producto-de-apoyo-para-la-recreacion","12":"product_tag-producto-sensorial","13":"pa_clase-30-productos-de-apoyo-para-el-esparcimiento","14":"pa_sub-clase-03-productos-de-apoyo-para-el-juego","16":"first","17":"instock","18":"shipping-taxable","19":"product-type-simple"},"_links":{"self":[{"href":"https:\/\/ciapat.org\/index.php\/wp-json\/wp\/v2\/product\/6139","targetHints":{"allow":["GET"]}}],"collection":[{"href":"https:\/\/ciapat.org\/index.php\/wp-json\/wp\/v2\/product"}],"about":[{"href":"https:\/\/ciapat.org\/index.php\/wp-json\/wp\/v2\/types\/product"}],"wp:featuredmedia":[{"embeddable":true,"href":"https:\/\/ciapat.org\/index.php\/wp-json\/wp\/v2\/media\/6148"}],"wp:attachment":[{"href":"https:\/\/ciapat.org\/index.php\/wp-json\/wp\/v2\/media?parent=6139"}],"wp:term":[{"taxonomy":"product_brand","embeddable":true,"href":"https:\/\/ciapat.org\/index.php\/wp-json\/wp\/v2\/product_brand?post=6139"},{"taxonomy":"product_cat","embeddable":true,"href":"https:\/\/ciapat.org\/index.php\/wp-json\/wp\/v2\/product_cat?post=6139"},{"taxonomy":"product_tag","embeddable":true,"href":"https:\/\/ciapat.org\/index.php\/wp-json\/wp\/v2\/product_tag?post=6139"}],"curies":[{"name":"wp","href":"https:\/\/api.w.org\/{rel}","templated":true}]}}