{"id":6137,"date":"2024-02-28T13:47:38","date_gmt":"2024-02-28T13:47:38","guid":{"rendered":"https:\/\/ciapat.org\/?post_type=product&#038;p=6137"},"modified":"2024-04-19T14:41:22","modified_gmt":"2024-04-19T14:41:22","slug":"mono-con-peso","status":"publish","type":"product","link":"https:\/\/ciapat.org\/index.php\/producto\/mono-con-peso\/","title":{"rendered":"Mono con peso"},"content":{"rendered":"<p>CARACTER\u00cdSTICAS<\/p>\n<p><strong>Descripci\u00f3n:\u00a0<\/strong>Mono confeccionado con telas de extrema suavidad (polar soft y towel) con 1.4 kg de peso y 70 cm de largo.<\/p>\n<p>Es lavable! Posee velcros en el peso del cuerpo, brazos y piernas para desmontar.<\/p>\n","protected":false},"excerpt":{"rendered":"<ul>\n<li>Permite estimular la presi\u00f3n profunda, el tacto generalizado y regular el tono muscular. Posibilita una sensaci\u00f3n de alivio, calma y tranquilidad en el ni\u00f1o, de una manera diferente: a trav\u00e9s de una propuesta l\u00fadica.<\/li>\n<li>Proporciona informaci\u00f3n y organizaci\u00f3n propioceptiva, siendo un regulador sensorial a trav\u00e9s de su dise\u00f1o: cuerpo, brazos y piernas extensas con peso que est\u00e1n en contacto con la espalda, cintura escapular, p\u00e9lvica y cadera.<\/li>\n<li>Favorece tener mayor registro de su propio cuerpo y del medio ambiente, invitando a la socializaci\u00f3n a trav\u00e9s del juego.<\/li>\n<\/ul>\n<p>&nbsp;<\/p>\n<p><strong>Vuelos crecer con autonom\u00eda<\/strong><\/p>\n<p><strong>Web<\/strong>: https:\/\/vuelo.empretienda.com.ar\/<\/p>\n<p><strong>IG:<\/strong> https:\/\/www.instagram.com\/vuelocrecerconautonomia\/<\/p>\n","protected":false},"featured_media":6146,"template":"","meta":[],"product_brand":[],"product_cat":[865,79,80],"product_tag":[537,703,868,559],"class_list":{"0":"post-6137","1":"product","2":"type-product","3":"status-publish","4":"has-post-thumbnail","6":"product_cat-productos-sensoriales","7":"product_cat-recreacion","8":"product_cat-rehabilitacion","9":"product_tag-estimulacion-sensorial","10":"product_tag-producto-de-apoyo-para-la-recreacion","11":"product_tag-producto-sensorial","12":"product_tag-rehabilitacion","13":"pa_clase-04-productos-de-apoyo-para-tratamiento-medico-personalizado","14":"pa_sub-clase-27-estimuladores","16":"first","17":"instock","18":"shipping-taxable","19":"product-type-simple"},"_links":{"self":[{"href":"https:\/\/ciapat.org\/index.php\/wp-json\/wp\/v2\/product\/6137","targetHints":{"allow":["GET"]}}],"collection":[{"href":"https:\/\/ciapat.org\/index.php\/wp-json\/wp\/v2\/product"}],"about":[{"href":"https:\/\/ciapat.org\/index.php\/wp-json\/wp\/v2\/types\/product"}],"wp:featuredmedia":[{"embeddable":true,"href":"https:\/\/ciapat.org\/index.php\/wp-json\/wp\/v2\/media\/6146"}],"wp:attachment":[{"href":"https:\/\/ciapat.org\/index.php\/wp-json\/wp\/v2\/media?parent=6137"}],"wp:term":[{"taxonomy":"product_brand","embeddable":true,"href":"https:\/\/ciapat.org\/index.php\/wp-json\/wp\/v2\/product_brand?post=6137"},{"taxonomy":"product_cat","embeddable":true,"href":"https:\/\/ciapat.org\/index.php\/wp-json\/wp\/v2\/product_cat?post=6137"},{"taxonomy":"product_tag","embeddable":true,"href":"https:\/\/ciapat.org\/index.php\/wp-json\/wp\/v2\/product_tag?post=6137"}],"curies":[{"name":"wp","href":"https:\/\/api.w.org\/{rel}","templated":true}]}}