{"id":6136,"date":"2024-02-28T13:37:16","date_gmt":"2024-02-28T13:37:16","guid":{"rendered":"https:\/\/ciapat.org\/?post_type=product&#038;p=6136"},"modified":"2024-04-19T14:42:14","modified_gmt":"2024-04-19T14:42:14","slug":"guante-manga-sensorial","status":"publish","type":"product","link":"https:\/\/ciapat.org\/index.php\/producto\/guante-manga-sensorial\/","title":{"rendered":"Guante manga sensorial"},"content":{"rendered":"<p>CARACTER\u00cdSTICAS<\/p>\n<p>Confeccionado A MEDIDA con lycra de alta calidad, proporcionando una compresi\u00f3n m\u00e1s fuerte y adhiri\u00e9ndose como una segunda piel que no limita el movimiento.<\/p>\n<p><strong>Opciones seg\u00fan la necesidad:<\/strong><\/p>\n<ul>\n<li>Guante y manga hasta el codo<\/li>\n<li>Guante y manga hasta el brazo<\/li>\n<li>Manga sola<\/li>\n<\/ul>\n","protected":false},"excerpt":{"rendered":"<ul>\n<li>Mejorar el input sensorial de presi\u00f3n profunda<\/li>\n<li>Favorecer la activaci\u00f3n muscular<\/li>\n<li>Permite un mejor control del movimiento y coordinaci\u00f3n<\/li>\n<li>Promueve la estabilidad del brazo<\/li>\n<li>Fomenta un mayor registro corporal<\/li>\n<\/ul>\n<p>&nbsp;<\/p>\n<p><strong>Vuelos crecer con autonom\u00eda<\/strong><\/p>\n<p><strong>Web<\/strong>: https:\/\/vuelo.empretienda.com.ar\/<\/p>\n<p><strong>IG:<\/strong> https:\/\/www.instagram.com\/vuelocrecerconautonomia\/<\/p>\n","protected":false},"featured_media":6145,"template":"","meta":[],"product_brand":[],"product_cat":[865,80,78],"product_tag":[537,868,559,873],"class_list":{"0":"post-6136","1":"product","2":"type-product","3":"status-publish","4":"has-post-thumbnail","6":"product_cat-productos-sensoriales","7":"product_cat-rehabilitacion","8":"product_cat-vestimenta","9":"product_tag-estimulacion-sensorial","10":"product_tag-producto-sensorial","11":"product_tag-rehabilitacion","12":"product_tag-vestimenta","13":"pa_clase-04-productos-de-apoyo-para-tratamiento-medico-personalizado","14":"pa_sub-clase-27-estimuladores","16":"first","17":"instock","18":"shipping-taxable","19":"product-type-simple"},"_links":{"self":[{"href":"https:\/\/ciapat.org\/index.php\/wp-json\/wp\/v2\/product\/6136","targetHints":{"allow":["GET"]}}],"collection":[{"href":"https:\/\/ciapat.org\/index.php\/wp-json\/wp\/v2\/product"}],"about":[{"href":"https:\/\/ciapat.org\/index.php\/wp-json\/wp\/v2\/types\/product"}],"wp:featuredmedia":[{"embeddable":true,"href":"https:\/\/ciapat.org\/index.php\/wp-json\/wp\/v2\/media\/6145"}],"wp:attachment":[{"href":"https:\/\/ciapat.org\/index.php\/wp-json\/wp\/v2\/media?parent=6136"}],"wp:term":[{"taxonomy":"product_brand","embeddable":true,"href":"https:\/\/ciapat.org\/index.php\/wp-json\/wp\/v2\/product_brand?post=6136"},{"taxonomy":"product_cat","embeddable":true,"href":"https:\/\/ciapat.org\/index.php\/wp-json\/wp\/v2\/product_cat?post=6136"},{"taxonomy":"product_tag","embeddable":true,"href":"https:\/\/ciapat.org\/index.php\/wp-json\/wp\/v2\/product_tag?post=6136"}],"curies":[{"name":"wp","href":"https:\/\/api.w.org\/{rel}","templated":true}]}}