{"id":4631,"date":"2020-05-02T02:53:07","date_gmt":"2020-05-02T02:53:07","guid":{"rendered":"https:\/\/ciapat.org:90\/index.php\/producto\/elevador-de-vehiculos-fiorella-slim-fit\/"},"modified":"2021-03-09T15:36:45","modified_gmt":"2021-03-09T15:36:45","slug":"accesssystems-elevador-de-vehiculos-fiorella-slim-fit","status":"publish","type":"product","link":"https:\/\/ciapat.org\/index.php\/producto\/accesssystems-elevador-de-vehiculos-fiorella-slim-fit\/","title":{"rendered":"Elevador para veh\u00edculos | Fiorella slim fit"},"content":{"rendered":"","protected":false},"excerpt":{"rendered":"<p>El nuevo <strong>ascensor<\/strong> Fiorella <strong>se ajusta<\/strong> tanto a <strong>veh\u00edculos grandes y peque\u00f1os<\/strong>, y es la s\u00edntesis perfecta de <strong>funcionalidad, seguridad y ergonom\u00eda<\/strong>.<\/p>\n<p><strong>Es liviano y peque\u00f1o<\/strong>, para adaptarse a los coches modernos , ofreciendo un nivel sin precedentes de elevaci\u00f3n para personas en sillas de ruedas.<\/p>\n<p>Tambi\u00e9n est\u00e1 disponible en la <strong>versi\u00f3n extendida<\/strong> con una <strong>plataforma m\u00e1s amplia<\/strong>, siendo por lo tanto particularmente adecuado para<strong> sillas de ruedas el\u00e9ctricas<\/strong>.<\/p>\n<p><strong>ACCESS SYSTEMS<\/strong><br \/>\nTel.: (+5411)52632752<br \/>\nDirecci\u00f3n: Soldado de la Independencia 1130, Piso 2\u00baB (C1426BTP) CABA<br \/>\nMail: info@accesssystemssrl.com<br \/>\nWeb: <a href=\"https:\/\/accesssystemssrl.com\/productos\/\">https:\/\/accesssystemssrl.com\/<\/a><\/p>\n","protected":false},"featured_media":5225,"template":"","meta":[],"product_brand":[],"product_cat":[77],"product_tag":[602,622,620,95,562,617,599,621,489,596,502],"class_list":{"0":"post-4631","1":"product","2":"type-product","3":"status-publish","4":"has-post-thumbnail","6":"product_cat-movilidad","7":"product_tag-accesibilidad","8":"product_tag-adaptacion-vehicular","9":"product_tag-ascensor","10":"product_tag-discapacidad","11":"product_tag-discapacidad-fisica","12":"product_tag-discapacidad-motriz","13":"product_tag-elevador","14":"product_tag-elevador-de-sillas-de-rueda","15":"product_tag-producto-de-apoyo","16":"product_tag-producto-de-apoyo-para-la-movilidad","17":"product_tag-tecnologia-de-apoyo","18":"pa_clase-12-productos-de-apoyo-para-la-movilidad-personal","19":"pa_sub-clase-31-productos-de-apoyo-para-transferencia-y-giro","21":"first","22":"instock","23":"shipping-taxable","24":"product-type-simple"},"_links":{"self":[{"href":"https:\/\/ciapat.org\/index.php\/wp-json\/wp\/v2\/product\/4631","targetHints":{"allow":["GET"]}}],"collection":[{"href":"https:\/\/ciapat.org\/index.php\/wp-json\/wp\/v2\/product"}],"about":[{"href":"https:\/\/ciapat.org\/index.php\/wp-json\/wp\/v2\/types\/product"}],"wp:featuredmedia":[{"embeddable":true,"href":"https:\/\/ciapat.org\/index.php\/wp-json\/wp\/v2\/media\/5225"}],"wp:attachment":[{"href":"https:\/\/ciapat.org\/index.php\/wp-json\/wp\/v2\/media?parent=4631"}],"wp:term":[{"taxonomy":"product_brand","embeddable":true,"href":"https:\/\/ciapat.org\/index.php\/wp-json\/wp\/v2\/product_brand?post=4631"},{"taxonomy":"product_cat","embeddable":true,"href":"https:\/\/ciapat.org\/index.php\/wp-json\/wp\/v2\/product_cat?post=4631"},{"taxonomy":"product_tag","embeddable":true,"href":"https:\/\/ciapat.org\/index.php\/wp-json\/wp\/v2\/product_tag?post=4631"}],"curies":[{"name":"wp","href":"https:\/\/api.w.org\/{rel}","templated":true}]}}